{"id":3962,"date":"2021-11-02T19:23:04","date_gmt":"2021-11-02T12:23:04","guid":{"rendered":"https:\/\/bictfest.com\/festival\/?page_id=3962"},"modified":"2021-11-04T20:26:07","modified_gmt":"2021-11-04T13:26:07","slug":"pet-artist-talk","status":"publish","type":"page","link":"https:\/\/bictfest.com\/festival\/pet-artist-talk\/","title":{"rendered":"PET &#8211; Artist Talk"},"content":{"rendered":"<p>[vc_row][vc_column][vc_column_text]<\/p>\n<h3><strong>Artist Talk#3: Phetchaburi<br \/>\n<\/strong><\/h3>\n<p>[\/vc_column_text]<div class=\"grve-empty-space grve-height-1x\"><\/div><div class=\"grve-element grve-image grve-align-center\">\r\n\t<div class=\"grve-image-item\">\r\n\t\t\n\n<div class=\"grve-image-wrapper grve-no-effect\">\n\t\t<div class=\"grve-thumbnail-wrapper\"  style=\"width: 1200px;\"><div class=\"grve-thumbnail\"  style=\"padding-top: 56.25%;\"><img width=\"1200\" height=\"675\" src=\"https:\/\/bictfest.com\/festival\/wp-content\/uploads\/2021\/11\/pet_ArtistTalk.jpg\" class=\"attachment-full size-full\" alt=\"\" data-column-space=\"auto\" data-lazyload=\"\" data-grve-filter=\"yes\" srcset=\"https:\/\/bictfest.com\/festival\/wp-content\/uploads\/2021\/11\/pet_ArtistTalk.jpg 1200w, https:\/\/bictfest.com\/festival\/wp-content\/uploads\/2021\/11\/pet_ArtistTalk-300x169.jpg 300w, https:\/\/bictfest.com\/festival\/wp-content\/uploads\/2021\/11\/pet_ArtistTalk-1024x576.jpg 1024w, https:\/\/bictfest.com\/festival\/wp-content\/uploads\/2021\/11\/pet_ArtistTalk-768x432.jpg 768w\" sizes=\"(max-width: 1200px) 100vw, 1200px\" \/><\/div><\/div>\t<\/div>\n\t<\/div>\r\n<\/div>\r\n[\/vc_column][\/vc_row][vc_row][vc_column][vc_row_inner][vc_column_inner][vc_column_text]\u0e2b\u0e25\u0e31\u0e07\u0e0a\u0e21\u0e01\u0e32\u0e23\u0e41\u0e2a\u0e14\u0e07\u0e43\u0e19 BICT on(line) the MOVE \u0e40\u0e17\u0e28\u0e01\u0e32\u0e25\u0e25\u0e30\u0e04\u0e23\u0e19\u0e32\u0e19\u0e32\u0e0a\u0e32\u0e15\u0e34\u0e2a\u0e33\u0e2b\u0e23\u0e31\u0e1a\u0e40\u0e14\u0e47\u0e01\u0e41\u0e25\u0e30\u0e40\u0e22\u0e32\u0e27\u0e0a\u0e19\u0e2d\u0e2d\u0e19\u0e44\u0e25\u0e19\u0e4c\u0e41\u0e25\u0e49\u0e27 \u0e21\u0e32\u0e23\u0e48\u0e27\u0e21\u0e1e\u0e39\u0e14\u0e04\u0e38\u0e22\u0e01\u0e31\u0e1a\u0e28\u0e34\u0e25\u0e1b\u0e34\u0e19\u0e01\u0e31\u0e19\u0e44\u0e14\u0e49\u0e43\u0e19\u0e1a\u0e23\u0e23\u0e22\u0e32\u0e01\u0e32\u0e28\u0e2a\u0e1a\u0e32\u0e22\u0e46 \u0e16\u0e36\u0e07\u0e01\u0e23\u0e30\u0e1a\u0e27\u0e19\u0e01\u0e32\u0e23\u0e17\u0e33\u0e07\u0e32\u0e19 \u0e2b\u0e23\u0e37\u0e2d\u0e44\u0e02\u0e02\u0e49\u0e2d\u0e2a\u0e07\u0e2a\u0e31\u0e22\u0e08\u0e32\u0e01\u0e01\u0e32\u0e23\u0e41\u0e2a\u0e14\u0e07 \u0e0a\u0e27\u0e19\u0e1e\u0e39\u0e14\u0e04\u0e38\u0e22\u0e42\u0e14\u0e22 \u0e2d\u0e31\u0e08\u0e08\u0e34\u0e21\u0e32 \u0e13 \u0e1e\u0e31\u0e17\u0e25\u0e38\u0e07 \u0e1c\u0e39\u0e49\u0e2d\u0e33\u0e19\u0e27\u0e22\u0e01\u0e32\u0e23\u0e40\u0e17\u0e28\u0e01\u0e32\u0e25 BICT Fest<\/p>\n<p><strong>\u0e2d\u0e32\u0e17\u0e34\u0e15\u0e22\u0e4c\u0e17\u0e35\u0e48 14 \u0e1e\u0e24\u0e28\u0e08\u0e34\u0e01\u0e32\u0e22\u0e19 2564<\/strong><br \/>\n<strong>\u0e40\u0e27\u0e25\u0e32 17:00 &#8211; 18:00 \u0e19.<\/strong><\/p>\n<p><strong><span style=\"color: #000000;\">\u0e28\u0e34\u0e25\u0e1b\u0e34\u0e19<\/span><\/strong><\/p>\n<ul>\n<li><span style=\"color: #000000;\">Companhia de M\u00fasica Teatral<br \/>\nPaulo Maria Rodrigues \u0e41\u0e25\u0e30 Helena Rodrigues (\u0e42\u0e1b\u0e23\u0e15\u0e38\u0e40\u0e01\u0e2a) <\/span><span style=\"color: #000000;\">\u0e1c\u0e39\u0e49\u0e2a\u0e23\u0e49\u0e32\u0e07\u0e2a\u0e23\u0e23\u0e04\u0e4c\u0e01\u0e32\u0e23\u0e41\u0e2a\u0e14\u0e07 &#8220;Poem\u00e1rio Vivo&#8221;<br \/>\n<\/span><\/li>\n<li><span style=\"color: #000000;\">\u0e19\u0e35\u0e25\u0e0a\u0e32 \u0e40\u0e1f\u0e37\u0e48\u0e2d\u0e07\u0e1f\u0e39\u0e40\u0e01\u0e35\u0e22\u0e23\u0e15\u0e34 \u0e41\u0e25\u0e30 \u0e2a\u0e34\u0e23\u0e34\u0e01\u0e32\u0e0d\u0e08\u0e19\u0e4c \u0e1a\u0e23\u0e23\u0e08\u0e07\u0e17\u0e31\u0e14 (\u0e44\u0e17\u0e22) \u0e1c\u0e39\u0e49\u0e2a\u0e23\u0e49\u0e32\u0e07\u0e2a\u0e23\u0e23\u0e04\u0e4c\u0e01\u0e32\u0e23\u0e41\u0e2a\u0e14\u0e07 &#8220;\u0e2d\u0e36\u0e01\u0e17\u0e36\u0e01\u0e04\u0e36\u0e01\u0e04\u0e31\u0e01&#8221;<\/span><\/li>\n<li><span style=\"color: #000000;\">Teatro al Vac\u00edo \u0e42\u0e14\u0e22 Adri\u00e1n Hern\u00e1ndez \u0e41\u0e25\u0e30 Jos\u00e9 Ag\u00fcero (\u0e2d\u0e32\u0e23\u0e4c\u0e40\u0e08\u0e19\u0e15\u0e34\u0e19\u0e32-\u0e40\u0e21\u0e47\u0e01\u0e0b\u0e34\u0e42\u0e01) \u0e1c\u0e39\u0e49\u0e2a\u0e23\u0e49\u0e32\u0e07\u0e2a\u0e23\u0e23\u0e04\u0e4c\u0e01\u0e32\u0e23\u0e41\u0e2a\u0e14\u0e07 &#8220;Wandering Actions&#8221;<\/span><\/li>\n<\/ul>\n<p><span style=\"color: #000000;\">\u0e01\u0e34\u0e08\u0e01\u0e23\u0e23\u0e21\u0e19\u0e35\u0e49\u0e15\u0e49\u0e2d\u0e07\u0e25\u0e07\u0e17\u0e30\u0e40\u0e1a\u0e35\u0e22\u0e19\u0e25\u0e48\u0e27\u0e07\u0e2b\u0e19\u0e49\u0e32<\/span><br \/>\n<span style=\"color: #000000;\">\u0e15\u0e49\u0e2d\u0e07\u0e01\u0e32\u0e23\u0e25\u0e07\u0e17\u0e30\u0e40\u0e1a\u0e35\u0e22\u0e19 <a href=\"https:\/\/www.eventpop.me\/e\/11760\/artist-talk-3\" target=\"_blank\" rel=\"noopener\">\u0e04\u0e25\u0e34\u0e01\u00a0<\/a><\/span>[\/vc_column_text]<div class=\"grve-empty-space grve-height-1x\"><\/div><div class=\"grve-element grve-divider\"><div class=\"grve-dashed-line-divider grve-border\"><\/div><\/div><div class=\"grve-empty-space grve-height-1x\"><\/div>[vc_column_text]<span style=\"color: #000000;\">After watching the shows in BICT on(line) the MOVE by BICT Fest, we would like to invite you to the session for a casual talk with artists who created the works in the festival this year. The talk will be moderated by Adjjima Na Patalung, Artistic Director of BICT Fest.<br \/>\n<b><br \/>\n<\/b><strong>Sunday 14 November 2021<\/strong><br \/>\n<strong>17:00 &#8211; 18:00 hrs. (GMT+7)<\/strong><br \/>\n<\/span><\/p>\n<p><strong>Artists<\/strong><\/p>\n<ul>\n<li>Companhia de M\u00fasica Teatral by Paulo Maria Rodrigues &amp; Helena Rodrigues (Portugal) from &#8220;Poemario Vivo&#8221;<\/li>\n<li>Neelacha Fuangfookiat &amp; Sirikarn Bunjongtad (Thailand) from &#8220;Noisy Joy&#8221;<\/li>\n<li><span style=\"color: #000000;\">Teatro al Vac\u00edo by Adri\u00e1n Hern\u00e1ndez &amp; Jos\u00e9 Ag\u00fcero (Argentina-Mexico) from &#8220;Wandering Actions&#8221;<\/span><\/li>\n<\/ul>\n<p>This session requires pre-registration.<br \/>\nFor registration please click <a href=\"https:\/\/www.eventpop.me\/e\/11760\/artist-talk-3\">here<\/a>[\/vc_column_text]<div class=\"grve-empty-space grve-height-1x\"><\/div>[\/vc_column_inner][\/vc_row_inner]<div class=\"grve-element grve-divider\"><div class=\"grve-line-divider grve-border\"><\/div><\/div><div class=\"grve-empty-space grve-height-1x\"><\/div>[vc_row_inner][vc_column_inner width=&#8221;1\/5&#8243;]<div class=\"grve-element grve-image grve-align-center\">\r\n\t<div class=\"grve-image-item\">\r\n\t\t\n\n<div class=\"grve-image-wrapper grve-no-effect\">\n\t\t<div class=\"grve-thumbnail-wrapper\"  style=\"width: 468px;\"><div class=\"grve-thumbnail\"  style=\"padding-top: 53.205%;\"><img width=\"468\" height=\"249\" src=\"https:\/\/bictfest.com\/festival\/wp-content\/uploads\/2021\/11\/TCEB-2.jpg\" class=\"attachment-full size-full\" alt=\"\" data-column-space=\"auto\" data-lazyload=\"\" data-grve-filter=\"yes\" srcset=\"https:\/\/bictfest.com\/festival\/wp-content\/uploads\/2021\/11\/TCEB-2.jpg 468w, https:\/\/bictfest.com\/festival\/wp-content\/uploads\/2021\/11\/TCEB-2-300x160.jpg 300w\" sizes=\"(max-width: 468px) 100vw, 468px\" \/><\/div><\/div>\t<\/div>\n\t<\/div>\r\n<\/div>\r\n[\/vc_column_inner][vc_column_inner width=&#8221;1\/5&#8243;]<div class=\"grve-element grve-image grve-align-center\">\r\n\t<div class=\"grve-image-item\">\r\n\t\t\n\n<div class=\"grve-image-wrapper grve-no-effect\">\n\t\t<div class=\"grve-thumbnail-wrapper\"  style=\"width: 455px;\"><div class=\"grve-thumbnail\"  style=\"padding-top: 48.791%;\"><img width=\"455\" height=\"222\" src=\"https:\/\/bictfest.com\/festival\/wp-content\/uploads\/2021\/11\/M-Theatre-15.jpg\" class=\"attachment-full size-full\" alt=\"\" data-column-space=\"auto\" data-lazyload=\"\" data-grve-filter=\"yes\" srcset=\"https:\/\/bictfest.com\/festival\/wp-content\/uploads\/2021\/11\/M-Theatre-15.jpg 455w, https:\/\/bictfest.com\/festival\/wp-content\/uploads\/2021\/11\/M-Theatre-15-300x146.jpg 300w\" sizes=\"(max-width: 455px) 100vw, 455px\" \/><\/div><\/div>\t<\/div>\n\t<\/div>\r\n<\/div>\r\n[\/vc_column_inner][vc_column_inner width=&#8221;1\/5&#8243;]<div class=\"grve-element grve-image grve-align-center\">\r\n\t<div class=\"grve-image-item\">\r\n\t\t\n\n<div class=\"grve-image-wrapper grve-no-effect\">\n\t\t<div class=\"grve-thumbnail-wrapper\"  style=\"width: 2048px;\"><div class=\"grve-thumbnail\"  style=\"padding-top: 54.297%;\"><img width=\"2048\" height=\"1112\" src=\"https:\/\/bictfest.com\/festival\/wp-content\/uploads\/2021\/11\/Embassy-of-Portugal.jpg\" class=\"attachment-full size-full\" alt=\"\" data-column-space=\"auto\" data-lazyload=\"\" data-grve-filter=\"yes\" srcset=\"https:\/\/bictfest.com\/festival\/wp-content\/uploads\/2021\/11\/Embassy-of-Portugal.jpg 2048w, https:\/\/bictfest.com\/festival\/wp-content\/uploads\/2021\/11\/Embassy-of-Portugal-300x163.jpg 300w, https:\/\/bictfest.com\/festival\/wp-content\/uploads\/2021\/11\/Embassy-of-Portugal-1024x556.jpg 1024w, https:\/\/bictfest.com\/festival\/wp-content\/uploads\/2021\/11\/Embassy-of-Portugal-768x417.jpg 768w, https:\/\/bictfest.com\/festival\/wp-content\/uploads\/2021\/11\/Embassy-of-Portugal-1536x834.jpg 1536w, https:\/\/bictfest.com\/festival\/wp-content\/uploads\/2021\/11\/Embassy-of-Portugal-1920x1043.jpg 1920w\" sizes=\"(max-width: 2048px) 100vw, 2048px\" \/><\/div><\/div>\t<\/div>\n\t<\/div>\r\n<\/div>\r\n[\/vc_column_inner][vc_column_inner width=&#8221;1\/5&#8243;]<div class=\"grve-element grve-image grve-align-center\">\r\n\t<div class=\"grve-image-item\">\r\n\t\t\n\n<div class=\"grve-image-wrapper grve-no-effect\">\n\t\t<div class=\"grve-thumbnail-wrapper\"  style=\"width: 1281px;\"><div class=\"grve-thumbnail\"  style=\"padding-top: 58.314%;\"><img width=\"1281\" height=\"747\" src=\"https:\/\/bictfest.com\/festival\/wp-content\/uploads\/2021\/11\/Camoes-e1635912585241.jpg\" class=\"attachment-full size-full\" alt=\"\" data-column-space=\"auto\" data-lazyload=\"\" data-grve-filter=\"yes\" srcset=\"https:\/\/bictfest.com\/festival\/wp-content\/uploads\/2021\/11\/Camoes-e1635912585241.jpg 1281w, https:\/\/bictfest.com\/festival\/wp-content\/uploads\/2021\/11\/Camoes-e1635912585241-300x175.jpg 300w, https:\/\/bictfest.com\/festival\/wp-content\/uploads\/2021\/11\/Camoes-e1635912585241-1024x597.jpg 1024w, https:\/\/bictfest.com\/festival\/wp-content\/uploads\/2021\/11\/Camoes-e1635912585241-768x448.jpg 768w\" sizes=\"(max-width: 1281px) 100vw, 1281px\" \/><\/div><\/div>\t<\/div>\n\t<\/div>\r\n<\/div>\r\n[\/vc_column_inner][vc_column_inner width=&#8221;1\/5&#8243;]<div class=\"grve-element grve-image grve-align-center\">\r\n\t<div class=\"grve-image-item\">\r\n\t\t\n\n<div class=\"grve-image-wrapper grve-no-effect\">\n\t\t<div class=\"grve-thumbnail-wrapper\"  style=\"width: 455px;\"><div class=\"grve-thumbnail\"  style=\"padding-top: 48.791%;\"><img width=\"455\" height=\"222\" src=\"https:\/\/bictfest.com\/festival\/wp-content\/uploads\/2021\/11\/Fundacao-08.jpg\" class=\"attachment-full size-full\" alt=\"\" data-column-space=\"auto\" data-lazyload=\"\" data-grve-filter=\"yes\" srcset=\"https:\/\/bictfest.com\/festival\/wp-content\/uploads\/2021\/11\/Fundacao-08.jpg 455w, https:\/\/bictfest.com\/festival\/wp-content\/uploads\/2021\/11\/Fundacao-08-300x146.jpg 300w\" sizes=\"(max-width: 455px) 100vw, 455px\" \/><\/div><\/div>\t<\/div>\n\t<\/div>\r\n<\/div>\r\n[\/vc_column_inner][\/vc_row_inner][\/vc_column][\/vc_row][vc_row][vc_column][\/vc_column][\/vc_row]<\/p>\n","protected":false},"excerpt":{"rendered":"<p>[vc_row][vc_column][vc_column_text] Artist Talk#3: Phetchaburi [\/vc_column_text][\/vc_column][\/vc_row][vc_row][vc_column][vc_row_inner][vc_column_inner][vc_column_text]\u0e2b\u0e25\u0e31\u0e07\u0e0a\u0e21\u0e01\u0e32\u0e23\u0e41\u0e2a\u0e14\u0e07\u0e43\u0e19 BICT on(line) the MOVE \u0e40\u0e17\u0e28\u0e01\u0e32\u0e25\u0e25\u0e30\u0e04\u0e23\u0e19\u0e32\u0e19\u0e32\u0e0a\u0e32\u0e15\u0e34\u0e2a\u0e33\u0e2b\u0e23\u0e31\u0e1a\u0e40\u0e14\u0e47\u0e01\u0e41\u0e25\u0e30\u0e40\u0e22\u0e32\u0e27\u0e0a\u0e19\u0e2d\u0e2d\u0e19\u0e44\u0e25\u0e19\u0e4c\u0e41\u0e25\u0e49\u0e27 \u0e21\u0e32\u0e23\u0e48\u0e27\u0e21\u0e1e\u0e39\u0e14\u0e04\u0e38\u0e22\u0e01\u0e31\u0e1a\u0e28\u0e34\u0e25\u0e1b\u0e34\u0e19\u0e01\u0e31\u0e19\u0e44\u0e14\u0e49\u0e43\u0e19\u0e1a\u0e23\u0e23\u0e22\u0e32\u0e01\u0e32\u0e28\u0e2a\u0e1a\u0e32\u0e22\u0e46 \u0e16\u0e36\u0e07\u0e01\u0e23\u0e30\u0e1a\u0e27\u0e19\u0e01\u0e32\u0e23\u0e17\u0e33\u0e07\u0e32\u0e19 \u0e2b\u0e23\u0e37\u0e2d\u0e44\u0e02\u0e02\u0e49\u0e2d\u0e2a\u0e07\u0e2a\u0e31\u0e22\u0e08\u0e32\u0e01\u0e01\u0e32\u0e23\u0e41\u0e2a\u0e14\u0e07 \u0e0a\u0e27\u0e19\u0e1e\u0e39\u0e14\u0e04\u0e38\u0e22\u0e42\u0e14\u0e22 \u0e2d\u0e31\u0e08\u0e08\u0e34\u0e21\u0e32 \u0e13 \u0e1e\u0e31\u0e17\u0e25\u0e38\u0e07 \u0e1c\u0e39\u0e49\u0e2d\u0e33\u0e19\u0e27\u0e22\u0e01\u0e32\u0e23\u0e40\u0e17\u0e28\u0e01\u0e32\u0e25 BICT Fest \u0e2d\u0e32\u0e17\u0e34\u0e15\u0e22\u0e4c\u0e17\u0e35\u0e48 14 \u0e1e\u0e24\u0e28\u0e08\u0e34\u0e01\u0e32\u0e22\u0e19 2564 \u0e40\u0e27\u0e25\u0e32 17:00 &#8211; 18:00 \u0e19. \u0e28\u0e34\u0e25\u0e1b\u0e34\u0e19 Companhia de M\u00fasica Teatral Paulo Maria Rodrigues \u0e41\u0e25\u0e30 Helena Rodrigues (\u0e42\u0e1b\u0e23\u0e15\u0e38\u0e40\u0e01\u0e2a) \u0e1c\u0e39\u0e49\u0e2a\u0e23\u0e49\u0e32\u0e07\u0e2a\u0e23\u0e23\u0e04\u0e4c\u0e01\u0e32\u0e23\u0e41\u0e2a\u0e14\u0e07 &#8220;Poem\u00e1rio Vivo&#8221; \u0e19\u0e35\u0e25\u0e0a\u0e32 \u0e40\u0e1f\u0e37\u0e48\u0e2d\u0e07\u0e1f\u0e39\u0e40\u0e01\u0e35\u0e22\u0e23\u0e15\u0e34 \u0e41\u0e25\u0e30 \u0e2a\u0e34\u0e23\u0e34\u0e01\u0e32\u0e0d\u0e08\u0e19\u0e4c \u0e1a\u0e23\u0e23\u0e08\u0e07\u0e17\u0e31\u0e14 (\u0e44\u0e17\u0e22) \u0e1c\u0e39\u0e49\u0e2a\u0e23\u0e49\u0e32\u0e07\u0e2a\u0e23\u0e23\u0e04\u0e4c\u0e01\u0e32\u0e23\u0e41\u0e2a\u0e14\u0e07 &#8220;\u0e2d\u0e36\u0e01\u0e17\u0e36\u0e01\u0e04\u0e36\u0e01\u0e04\u0e31\u0e01&#8221; Teatro al Vac\u00edo [&hellip;]<\/p>\n","protected":false},"author":1,"featured_media":0,"parent":0,"menu_order":0,"comment_status":"closed","ping_status":"closed","template":"","meta":[],"yoast_head":"<!-- This site is optimized with the Yoast SEO plugin v17.5 - https:\/\/yoast.com\/wordpress\/plugins\/seo\/ -->\n<title>PET - Artist Talk - BICTFEST 2021<\/title>\n<meta name=\"robots\" content=\"index, follow, max-snippet:-1, max-image-preview:large, max-video-preview:-1\" \/>\n<link rel=\"canonical\" href=\"https:\/\/bictfest.com\/festival\/pet-artist-talk\/\" \/>\n<meta property=\"og:locale\" content=\"en_US\" \/>\n<meta property=\"og:type\" content=\"article\" \/>\n<meta property=\"og:title\" content=\"PET - Artist Talk - BICTFEST 2021\" \/>\n<meta property=\"og:description\" content=\"[vc_row][vc_column][vc_column_text] Artist Talk#3: Phetchaburi [\/vc_column_text][\/vc_column][\/vc_row][vc_row][vc_column][vc_row_inner][vc_column_inner][vc_column_text]\u0e2b\u0e25\u0e31\u0e07\u0e0a\u0e21\u0e01\u0e32\u0e23\u0e41\u0e2a\u0e14\u0e07\u0e43\u0e19 BICT on(line) the MOVE \u0e40\u0e17\u0e28\u0e01\u0e32\u0e25\u0e25\u0e30\u0e04\u0e23\u0e19\u0e32\u0e19\u0e32\u0e0a\u0e32\u0e15\u0e34\u0e2a\u0e33\u0e2b\u0e23\u0e31\u0e1a\u0e40\u0e14\u0e47\u0e01\u0e41\u0e25\u0e30\u0e40\u0e22\u0e32\u0e27\u0e0a\u0e19\u0e2d\u0e2d\u0e19\u0e44\u0e25\u0e19\u0e4c\u0e41\u0e25\u0e49\u0e27 \u0e21\u0e32\u0e23\u0e48\u0e27\u0e21\u0e1e\u0e39\u0e14\u0e04\u0e38\u0e22\u0e01\u0e31\u0e1a\u0e28\u0e34\u0e25\u0e1b\u0e34\u0e19\u0e01\u0e31\u0e19\u0e44\u0e14\u0e49\u0e43\u0e19\u0e1a\u0e23\u0e23\u0e22\u0e32\u0e01\u0e32\u0e28\u0e2a\u0e1a\u0e32\u0e22\u0e46 \u0e16\u0e36\u0e07\u0e01\u0e23\u0e30\u0e1a\u0e27\u0e19\u0e01\u0e32\u0e23\u0e17\u0e33\u0e07\u0e32\u0e19 \u0e2b\u0e23\u0e37\u0e2d\u0e44\u0e02\u0e02\u0e49\u0e2d\u0e2a\u0e07\u0e2a\u0e31\u0e22\u0e08\u0e32\u0e01\u0e01\u0e32\u0e23\u0e41\u0e2a\u0e14\u0e07 \u0e0a\u0e27\u0e19\u0e1e\u0e39\u0e14\u0e04\u0e38\u0e22\u0e42\u0e14\u0e22 \u0e2d\u0e31\u0e08\u0e08\u0e34\u0e21\u0e32 \u0e13 \u0e1e\u0e31\u0e17\u0e25\u0e38\u0e07 \u0e1c\u0e39\u0e49\u0e2d\u0e33\u0e19\u0e27\u0e22\u0e01\u0e32\u0e23\u0e40\u0e17\u0e28\u0e01\u0e32\u0e25 BICT Fest \u0e2d\u0e32\u0e17\u0e34\u0e15\u0e22\u0e4c\u0e17\u0e35\u0e48 14 \u0e1e\u0e24\u0e28\u0e08\u0e34\u0e01\u0e32\u0e22\u0e19 2564 \u0e40\u0e27\u0e25\u0e32 17:00 &#8211; 18:00 \u0e19. \u0e28\u0e34\u0e25\u0e1b\u0e34\u0e19 Companhia de M\u00fasica Teatral Paulo Maria Rodrigues \u0e41\u0e25\u0e30 Helena Rodrigues (\u0e42\u0e1b\u0e23\u0e15\u0e38\u0e40\u0e01\u0e2a) \u0e1c\u0e39\u0e49\u0e2a\u0e23\u0e49\u0e32\u0e07\u0e2a\u0e23\u0e23\u0e04\u0e4c\u0e01\u0e32\u0e23\u0e41\u0e2a\u0e14\u0e07 &#8220;Poem\u00e1rio Vivo&#8221; \u0e19\u0e35\u0e25\u0e0a\u0e32 \u0e40\u0e1f\u0e37\u0e48\u0e2d\u0e07\u0e1f\u0e39\u0e40\u0e01\u0e35\u0e22\u0e23\u0e15\u0e34 \u0e41\u0e25\u0e30 \u0e2a\u0e34\u0e23\u0e34\u0e01\u0e32\u0e0d\u0e08\u0e19\u0e4c \u0e1a\u0e23\u0e23\u0e08\u0e07\u0e17\u0e31\u0e14 (\u0e44\u0e17\u0e22) \u0e1c\u0e39\u0e49\u0e2a\u0e23\u0e49\u0e32\u0e07\u0e2a\u0e23\u0e23\u0e04\u0e4c\u0e01\u0e32\u0e23\u0e41\u0e2a\u0e14\u0e07 &#8220;\u0e2d\u0e36\u0e01\u0e17\u0e36\u0e01\u0e04\u0e36\u0e01\u0e04\u0e31\u0e01&#8221; Teatro al Vac\u00edo [&hellip;]\" \/>\n<meta property=\"og:url\" content=\"https:\/\/bictfest.com\/festival\/pet-artist-talk\/\" \/>\n<meta property=\"og:site_name\" content=\"BICTFEST 2021\" \/>\n<meta property=\"article:modified_time\" content=\"2021-11-04T13:26:07+00:00\" \/>\n<meta name=\"twitter:card\" content=\"summary_large_image\" \/>\n<meta name=\"twitter:label1\" content=\"Est. reading time\" \/>\n\t<meta name=\"twitter:data1\" content=\"1 minute\" \/>\n<script type=\"application\/ld+json\" class=\"yoast-schema-graph\">{\"@context\":\"https:\/\/schema.org\",\"@graph\":[{\"@type\":\"WebSite\",\"@id\":\"http:\/\/bictfest.com\/festival\/#website\",\"url\":\"http:\/\/bictfest.com\/festival\/\",\"name\":\"BICTFEST 2021\",\"description\":\"BICTFEST 2021\",\"potentialAction\":[{\"@type\":\"SearchAction\",\"target\":{\"@type\":\"EntryPoint\",\"urlTemplate\":\"http:\/\/bictfest.com\/festival\/?s={search_term_string}\"},\"query-input\":\"required name=search_term_string\"}],\"inLanguage\":\"en\"},{\"@type\":\"WebPage\",\"@id\":\"https:\/\/bictfest.com\/festival\/pet-artist-talk\/#webpage\",\"url\":\"https:\/\/bictfest.com\/festival\/pet-artist-talk\/\",\"name\":\"PET - Artist Talk - BICTFEST 2021\",\"isPartOf\":{\"@id\":\"http:\/\/bictfest.com\/festival\/#website\"},\"datePublished\":\"2021-11-02T12:23:04+00:00\",\"dateModified\":\"2021-11-04T13:26:07+00:00\",\"breadcrumb\":{\"@id\":\"https:\/\/bictfest.com\/festival\/pet-artist-talk\/#breadcrumb\"},\"inLanguage\":\"en\",\"potentialAction\":[{\"@type\":\"ReadAction\",\"target\":[\"https:\/\/bictfest.com\/festival\/pet-artist-talk\/\"]}]},{\"@type\":\"BreadcrumbList\",\"@id\":\"https:\/\/bictfest.com\/festival\/pet-artist-talk\/#breadcrumb\",\"itemListElement\":[{\"@type\":\"ListItem\",\"position\":1,\"name\":\"Home\",\"item\":\"http:\/\/bictfest.com\/festival\/\"},{\"@type\":\"ListItem\",\"position\":2,\"name\":\"PET &#8211; Artist Talk\"}]}]}<\/script>\n<!-- \/ Yoast SEO plugin. -->","yoast_head_json":{"title":"PET - Artist Talk - BICTFEST 2021","robots":{"index":"index","follow":"follow","max-snippet":"max-snippet:-1","max-image-preview":"max-image-preview:large","max-video-preview":"max-video-preview:-1"},"canonical":"https:\/\/bictfest.com\/festival\/pet-artist-talk\/","og_locale":"en_US","og_type":"article","og_title":"PET - Artist Talk - BICTFEST 2021","og_description":"[vc_row][vc_column][vc_column_text] Artist Talk#3: Phetchaburi [\/vc_column_text][\/vc_column][\/vc_row][vc_row][vc_column][vc_row_inner][vc_column_inner][vc_column_text]\u0e2b\u0e25\u0e31\u0e07\u0e0a\u0e21\u0e01\u0e32\u0e23\u0e41\u0e2a\u0e14\u0e07\u0e43\u0e19 BICT on(line) the MOVE \u0e40\u0e17\u0e28\u0e01\u0e32\u0e25\u0e25\u0e30\u0e04\u0e23\u0e19\u0e32\u0e19\u0e32\u0e0a\u0e32\u0e15\u0e34\u0e2a\u0e33\u0e2b\u0e23\u0e31\u0e1a\u0e40\u0e14\u0e47\u0e01\u0e41\u0e25\u0e30\u0e40\u0e22\u0e32\u0e27\u0e0a\u0e19\u0e2d\u0e2d\u0e19\u0e44\u0e25\u0e19\u0e4c\u0e41\u0e25\u0e49\u0e27 \u0e21\u0e32\u0e23\u0e48\u0e27\u0e21\u0e1e\u0e39\u0e14\u0e04\u0e38\u0e22\u0e01\u0e31\u0e1a\u0e28\u0e34\u0e25\u0e1b\u0e34\u0e19\u0e01\u0e31\u0e19\u0e44\u0e14\u0e49\u0e43\u0e19\u0e1a\u0e23\u0e23\u0e22\u0e32\u0e01\u0e32\u0e28\u0e2a\u0e1a\u0e32\u0e22\u0e46 \u0e16\u0e36\u0e07\u0e01\u0e23\u0e30\u0e1a\u0e27\u0e19\u0e01\u0e32\u0e23\u0e17\u0e33\u0e07\u0e32\u0e19 \u0e2b\u0e23\u0e37\u0e2d\u0e44\u0e02\u0e02\u0e49\u0e2d\u0e2a\u0e07\u0e2a\u0e31\u0e22\u0e08\u0e32\u0e01\u0e01\u0e32\u0e23\u0e41\u0e2a\u0e14\u0e07 \u0e0a\u0e27\u0e19\u0e1e\u0e39\u0e14\u0e04\u0e38\u0e22\u0e42\u0e14\u0e22 \u0e2d\u0e31\u0e08\u0e08\u0e34\u0e21\u0e32 \u0e13 \u0e1e\u0e31\u0e17\u0e25\u0e38\u0e07 \u0e1c\u0e39\u0e49\u0e2d\u0e33\u0e19\u0e27\u0e22\u0e01\u0e32\u0e23\u0e40\u0e17\u0e28\u0e01\u0e32\u0e25 BICT Fest \u0e2d\u0e32\u0e17\u0e34\u0e15\u0e22\u0e4c\u0e17\u0e35\u0e48 14 \u0e1e\u0e24\u0e28\u0e08\u0e34\u0e01\u0e32\u0e22\u0e19 2564 \u0e40\u0e27\u0e25\u0e32 17:00 &#8211; 18:00 \u0e19. \u0e28\u0e34\u0e25\u0e1b\u0e34\u0e19 Companhia de M\u00fasica Teatral Paulo Maria Rodrigues \u0e41\u0e25\u0e30 Helena Rodrigues (\u0e42\u0e1b\u0e23\u0e15\u0e38\u0e40\u0e01\u0e2a) \u0e1c\u0e39\u0e49\u0e2a\u0e23\u0e49\u0e32\u0e07\u0e2a\u0e23\u0e23\u0e04\u0e4c\u0e01\u0e32\u0e23\u0e41\u0e2a\u0e14\u0e07 &#8220;Poem\u00e1rio Vivo&#8221; \u0e19\u0e35\u0e25\u0e0a\u0e32 \u0e40\u0e1f\u0e37\u0e48\u0e2d\u0e07\u0e1f\u0e39\u0e40\u0e01\u0e35\u0e22\u0e23\u0e15\u0e34 \u0e41\u0e25\u0e30 \u0e2a\u0e34\u0e23\u0e34\u0e01\u0e32\u0e0d\u0e08\u0e19\u0e4c \u0e1a\u0e23\u0e23\u0e08\u0e07\u0e17\u0e31\u0e14 (\u0e44\u0e17\u0e22) \u0e1c\u0e39\u0e49\u0e2a\u0e23\u0e49\u0e32\u0e07\u0e2a\u0e23\u0e23\u0e04\u0e4c\u0e01\u0e32\u0e23\u0e41\u0e2a\u0e14\u0e07 &#8220;\u0e2d\u0e36\u0e01\u0e17\u0e36\u0e01\u0e04\u0e36\u0e01\u0e04\u0e31\u0e01&#8221; Teatro al Vac\u00edo [&hellip;]","og_url":"https:\/\/bictfest.com\/festival\/pet-artist-talk\/","og_site_name":"BICTFEST 2021","article_modified_time":"2021-11-04T13:26:07+00:00","twitter_card":"summary_large_image","twitter_misc":{"Est. reading time":"1 minute"},"schema":{"@context":"https:\/\/schema.org","@graph":[{"@type":"WebSite","@id":"http:\/\/bictfest.com\/festival\/#website","url":"http:\/\/bictfest.com\/festival\/","name":"BICTFEST 2021","description":"BICTFEST 2021","potentialAction":[{"@type":"SearchAction","target":{"@type":"EntryPoint","urlTemplate":"http:\/\/bictfest.com\/festival\/?s={search_term_string}"},"query-input":"required name=search_term_string"}],"inLanguage":"en"},{"@type":"WebPage","@id":"https:\/\/bictfest.com\/festival\/pet-artist-talk\/#webpage","url":"https:\/\/bictfest.com\/festival\/pet-artist-talk\/","name":"PET - Artist Talk - BICTFEST 2021","isPartOf":{"@id":"http:\/\/bictfest.com\/festival\/#website"},"datePublished":"2021-11-02T12:23:04+00:00","dateModified":"2021-11-04T13:26:07+00:00","breadcrumb":{"@id":"https:\/\/bictfest.com\/festival\/pet-artist-talk\/#breadcrumb"},"inLanguage":"en","potentialAction":[{"@type":"ReadAction","target":["https:\/\/bictfest.com\/festival\/pet-artist-talk\/"]}]},{"@type":"BreadcrumbList","@id":"https:\/\/bictfest.com\/festival\/pet-artist-talk\/#breadcrumb","itemListElement":[{"@type":"ListItem","position":1,"name":"Home","item":"http:\/\/bictfest.com\/festival\/"},{"@type":"ListItem","position":2,"name":"PET &#8211; Artist Talk"}]}]}},"_links":{"self":[{"href":"https:\/\/bictfest.com\/festival\/wp-json\/wp\/v2\/pages\/3962"}],"collection":[{"href":"https:\/\/bictfest.com\/festival\/wp-json\/wp\/v2\/pages"}],"about":[{"href":"https:\/\/bictfest.com\/festival\/wp-json\/wp\/v2\/types\/page"}],"author":[{"embeddable":true,"href":"https:\/\/bictfest.com\/festival\/wp-json\/wp\/v2\/users\/1"}],"replies":[{"embeddable":true,"href":"https:\/\/bictfest.com\/festival\/wp-json\/wp\/v2\/comments?post=3962"}],"version-history":[{"count":27,"href":"https:\/\/bictfest.com\/festival\/wp-json\/wp\/v2\/pages\/3962\/revisions"}],"predecessor-version":[{"id":5491,"href":"https:\/\/bictfest.com\/festival\/wp-json\/wp\/v2\/pages\/3962\/revisions\/5491"}],"wp:attachment":[{"href":"https:\/\/bictfest.com\/festival\/wp-json\/wp\/v2\/media?parent=3962"}],"curies":[{"name":"wp","href":"https:\/\/api.w.org\/{rel}","templated":true}]}}