{"id":3657,"date":"2021-11-01T19:05:53","date_gmt":"2021-11-01T12:05:53","guid":{"rendered":"https:\/\/bictfest.com\/festival\/?page_id=3657"},"modified":"2021-11-05T12:58:43","modified_gmt":"2021-11-05T05:58:43","slug":"wandering-actions","status":"publish","type":"page","link":"http:\/\/bictfest.com\/festival\/wandering-actions\/","title":{"rendered":"Wandering Actions"},"content":{"rendered":"<p>[vc_row][vc_column][vc_column_text]<\/p>\n<h3><strong>Wandering Actions<\/strong><\/h3>\n<p>[\/vc_column_text]<div style=\"height: 32px;\" class=\"grve-empty-space\"><\/div>[vc_column_text]<span style=\"font-weight: 400;\">Wandering Actions \u0e40\u0e1b\u0e47\u0e19\u0e0b\u0e35\u0e23\u0e35\u0e48\u0e2a\u0e4c\u0e04\u0e25\u0e34\u0e1b\u0e01\u0e32\u0e23\u0e41\u0e2a\u0e14\u0e07\u0e2a\u0e23\u0e49\u0e32\u0e07\u0e2a\u0e23\u0e23\u0e04\u0e4c\u0e17\u0e35\u0e48\u0e16\u0e39\u0e01\u0e17\u0e33\u0e02\u0e36\u0e49\u0e19\u0e43\u0e19\u0e0a\u0e48\u0e27\u0e07\u0e15\u0e49\u0e19\u0e02\u0e2d\u0e07\u0e01\u0e32\u0e23\u0e25\u0e47\u0e2d\u0e04\u0e14\u0e32\u0e27\u0e19\u0e4c\u0e42\u0e14\u0e22\u0e2a\u0e2d\u0e07\u0e28\u0e34\u0e25\u0e1b\u0e34\u0e19 <\/span><span style=\"font-weight: 400;\">Adri\u00e1n Hern\u00e1ndez \u0e41\u0e25\u0e30 Jos\u00e9 Ag\u00fcero<\/span><span style=\"font-weight: 400;\"> \u0e01\u0e32\u0e23\u0e41\u0e2a\u0e14\u0e07\u0e2a\u0e19\u0e38\u0e01 \u0e46 \u0e17\u0e35\u0e48\u0e2b\u0e22\u0e34\u0e1a\u0e08\u0e31\u0e1a\u0e40\u0e2d\u0e32\u0e2a\u0e34\u0e48\u0e07\u0e02\u0e2d\u0e07\u0e23\u0e2d\u0e1a\u0e15\u0e31\u0e27\u0e21\u0e32\u0e43\u0e0a\u0e49\u0e43\u0e19\u0e04\u0e25\u0e34\u0e1b\u0e01\u0e32\u0e23\u0e41\u0e2a\u0e14\u0e07\u0e02\u0e19\u0e32\u0e14\u0e2a\u0e31\u0e49\u0e19\u0e08\u0e33\u0e19\u0e27\u0e19 6 \u0e04\u0e25\u0e34\u0e1b\u0e17\u0e35\u0e48\u0e43\u0e2b\u0e49\u0e04\u0e38\u0e13\u0e04\u0e48\u0e32\u0e01\u0e31\u0e1a\u0e27\u0e31\u0e12\u0e19\u0e18\u0e23\u0e23\u0e21\u0e02\u0e2d\u0e07\u0e40\u0e14\u0e47\u0e01\u0e0b\u0e36\u0e48\u0e07\u0e41\u0e2a\u0e14\u0e07\u0e2d\u0e2d\u0e01\u0e21\u0e32\u0e43\u0e19\u0e01\u0e32\u0e23\u0e43\u0e0a\u0e49\u0e1e\u0e37\u0e49\u0e19\u0e17\u0e35\u0e48\u0e41\u0e25\u0e30\u0e40\u0e27\u0e25\u0e32\u0e43\u0e19\u0e02\u0e13\u0e30\u0e17\u0e35\u0e48\u0e40\u0e25\u0e48\u0e19 \u0e08\u0e34\u0e19\u0e15\u0e19\u0e32\u0e01\u0e32\u0e23 \u0e41\u0e25\u0e30\u0e41\u0e2a\u0e14\u0e07\u0e04\u0e27\u0e32\u0e21\u0e04\u0e34\u0e14\u0e2a\u0e23\u0e49\u0e32\u0e07\u0e2a\u0e23\u0e23\u0e04\u0e4c \u0e2a\u0e48\u0e27\u0e19\u0e01\u0e32\u0e23\u0e41\u0e2a\u0e14\u0e07\u0e02\u0e2d\u0e07\u0e1e\u0e27\u0e01\u0e40\u0e02\u0e32\u0e08\u0e30\u0e2d\u0e22\u0e39\u0e48\u0e17\u0e35\u0e48\u0e44\u0e2b\u0e19\u0e19\u0e31\u0e49\u0e19 \u0e40\u0e23\u0e32\u0e02\u0e2d\u0e2d\u0e38\u0e1b\u0e44\u0e27\u0e49\u0e40\u0e1b\u0e47\u0e19\u0e40\u0e0b\u0e2d\u0e23\u0e4c\u0e44\u0e1e\u0e23\u0e2a\u0e4c \u0e44\u0e1b\u0e15\u0e32\u0e21\u0e2b\u0e32\u0e01\u0e31\u0e19\u0e43\u0e19\u0e41\u0e1c\u0e19\u0e17\u0e35\u0e48\u0e44\u0e14\u0e49\u0e40\u0e25\u0e22<\/span>[\/vc_column_text]<div style=\"height: 32px;\" class=\"grve-empty-space\"><\/div>[vc_column_text]<\/p>\n<h4 style=\"text-align: center;\"><span style=\"color: #3a9be0;\"><a style=\"color: #3a9be0;\" href=\"https:\/\/bictfest.com\/festival\/bict2021-bmap\/\"><strong>\u0e41\u0e1c\u0e19\u0e17\u0e35\u0e48\/ BICT MAP<\/strong><\/a><\/span><\/h4>\n<p>[\/vc_column_text]<div style=\"height: 32px;\" class=\"grve-empty-space\"><\/div>[vc_column_text]<span style=\"font-weight: 400;\">Wandering Actions is a series of videos made by the 2 artists, <\/span><span style=\"font-weight: 400;\">Adri\u00e1n Hern\u00e1ndez and Jos\u00e9 Ag\u00fcero <\/span><span style=\"font-weight: 400;\">from Argentina and Mexico during the first lockdown due to the pandemic. The videos value the strengths of the children&#8217;s culture, which is expressed in their being, inhabiting space and time from play, imagination and creativity. But we keep their performances a hidden surprise on our map. Let\u2019s find them!<\/span>[\/vc_column_text]<div style=\"height: 32px;\" class=\"grve-empty-space\"><\/div>[\/vc_column][\/vc_row]<\/p>\n","protected":false},"excerpt":{"rendered":"<p>[vc_row][vc_column][vc_column_text] Wandering Actions [\/vc_column_text][vc_column_text]Wandering Actions \u0e40\u0e1b\u0e47\u0e19\u0e0b\u0e35\u0e23\u0e35\u0e48\u0e2a\u0e4c\u0e04\u0e25\u0e34\u0e1b\u0e01\u0e32\u0e23\u0e41\u0e2a\u0e14\u0e07\u0e2a\u0e23\u0e49\u0e32\u0e07\u0e2a\u0e23\u0e23\u0e04\u0e4c\u0e17\u0e35\u0e48\u0e16\u0e39\u0e01\u0e17\u0e33\u0e02\u0e36\u0e49\u0e19\u0e43\u0e19\u0e0a\u0e48\u0e27\u0e07\u0e15\u0e49\u0e19\u0e02\u0e2d\u0e07\u0e01\u0e32\u0e23\u0e25\u0e47\u0e2d\u0e04\u0e14\u0e32\u0e27\u0e19\u0e4c\u0e42\u0e14\u0e22\u0e2a\u0e2d\u0e07\u0e28\u0e34\u0e25\u0e1b\u0e34\u0e19 Adri\u00e1n Hern\u00e1ndez \u0e41\u0e25\u0e30 Jos\u00e9 Ag\u00fcero \u0e01\u0e32\u0e23\u0e41\u0e2a\u0e14\u0e07\u0e2a\u0e19\u0e38\u0e01 \u0e46 \u0e17\u0e35\u0e48\u0e2b\u0e22\u0e34\u0e1a\u0e08\u0e31\u0e1a\u0e40\u0e2d\u0e32\u0e2a\u0e34\u0e48\u0e07\u0e02\u0e2d\u0e07\u0e23\u0e2d\u0e1a\u0e15\u0e31\u0e27\u0e21\u0e32\u0e43\u0e0a\u0e49\u0e43\u0e19\u0e04\u0e25\u0e34\u0e1b\u0e01\u0e32\u0e23\u0e41\u0e2a\u0e14\u0e07\u0e02\u0e19\u0e32\u0e14\u0e2a\u0e31\u0e49\u0e19\u0e08\u0e33\u0e19\u0e27\u0e19 6 \u0e04\u0e25\u0e34\u0e1b\u0e17\u0e35\u0e48\u0e43\u0e2b\u0e49\u0e04\u0e38\u0e13\u0e04\u0e48\u0e32\u0e01\u0e31\u0e1a\u0e27\u0e31\u0e12\u0e19\u0e18\u0e23\u0e23\u0e21\u0e02\u0e2d\u0e07\u0e40\u0e14\u0e47\u0e01\u0e0b\u0e36\u0e48\u0e07\u0e41\u0e2a\u0e14\u0e07\u0e2d\u0e2d\u0e01\u0e21\u0e32\u0e43\u0e19\u0e01\u0e32\u0e23\u0e43\u0e0a\u0e49\u0e1e\u0e37\u0e49\u0e19\u0e17\u0e35\u0e48\u0e41\u0e25\u0e30\u0e40\u0e27\u0e25\u0e32\u0e43\u0e19\u0e02\u0e13\u0e30\u0e17\u0e35\u0e48\u0e40\u0e25\u0e48\u0e19 \u0e08\u0e34\u0e19\u0e15\u0e19\u0e32\u0e01\u0e32\u0e23 \u0e41\u0e25\u0e30\u0e41\u0e2a\u0e14\u0e07\u0e04\u0e27\u0e32\u0e21\u0e04\u0e34\u0e14\u0e2a\u0e23\u0e49\u0e32\u0e07\u0e2a\u0e23\u0e23\u0e04\u0e4c \u0e2a\u0e48\u0e27\u0e19\u0e01\u0e32\u0e23\u0e41\u0e2a\u0e14\u0e07\u0e02\u0e2d\u0e07\u0e1e\u0e27\u0e01\u0e40\u0e02\u0e32\u0e08\u0e30\u0e2d\u0e22\u0e39\u0e48\u0e17\u0e35\u0e48\u0e44\u0e2b\u0e19\u0e19\u0e31\u0e49\u0e19 \u0e40\u0e23\u0e32\u0e02\u0e2d\u0e2d\u0e38\u0e1b\u0e44\u0e27\u0e49\u0e40\u0e1b\u0e47\u0e19\u0e40\u0e0b\u0e2d\u0e23\u0e4c\u0e44\u0e1e\u0e23\u0e2a\u0e4c \u0e44\u0e1b\u0e15\u0e32\u0e21\u0e2b\u0e32\u0e01\u0e31\u0e19\u0e43\u0e19\u0e41\u0e1c\u0e19\u0e17\u0e35\u0e48\u0e44\u0e14\u0e49\u0e40\u0e25\u0e22[\/vc_column_text][vc_column_text] \u0e41\u0e1c\u0e19\u0e17\u0e35\u0e48\/ BICT MAP [\/vc_column_text][vc_column_text]Wandering Actions is a series of videos made by the 2 artists, Adri\u00e1n Hern\u00e1ndez and Jos\u00e9 Ag\u00fcero from Argentina and Mexico during the first lockdown due to the pandemic. The videos [&hellip;]<\/p>\n","protected":false},"author":1,"featured_media":0,"parent":0,"menu_order":0,"comment_status":"closed","ping_status":"closed","template":"","meta":[],"yoast_head":"<!-- This site is optimized with the Yoast SEO plugin v17.5 - https:\/\/yoast.com\/wordpress\/plugins\/seo\/ -->\n<title>Wandering Actions - BICTFEST 2021<\/title>\n<meta name=\"robots\" content=\"index, follow, max-snippet:-1, max-image-preview:large, max-video-preview:-1\" \/>\n<link rel=\"canonical\" href=\"http:\/\/bictfest.com\/festival\/wandering-actions\/\" \/>\n<meta property=\"og:locale\" content=\"en_US\" \/>\n<meta property=\"og:type\" content=\"article\" \/>\n<meta property=\"og:title\" content=\"Wandering Actions - BICTFEST 2021\" \/>\n<meta property=\"og:description\" content=\"[vc_row][vc_column][vc_column_text] Wandering Actions [\/vc_column_text][vc_column_text]Wandering Actions \u0e40\u0e1b\u0e47\u0e19\u0e0b\u0e35\u0e23\u0e35\u0e48\u0e2a\u0e4c\u0e04\u0e25\u0e34\u0e1b\u0e01\u0e32\u0e23\u0e41\u0e2a\u0e14\u0e07\u0e2a\u0e23\u0e49\u0e32\u0e07\u0e2a\u0e23\u0e23\u0e04\u0e4c\u0e17\u0e35\u0e48\u0e16\u0e39\u0e01\u0e17\u0e33\u0e02\u0e36\u0e49\u0e19\u0e43\u0e19\u0e0a\u0e48\u0e27\u0e07\u0e15\u0e49\u0e19\u0e02\u0e2d\u0e07\u0e01\u0e32\u0e23\u0e25\u0e47\u0e2d\u0e04\u0e14\u0e32\u0e27\u0e19\u0e4c\u0e42\u0e14\u0e22\u0e2a\u0e2d\u0e07\u0e28\u0e34\u0e25\u0e1b\u0e34\u0e19 Adri\u00e1n Hern\u00e1ndez \u0e41\u0e25\u0e30 Jos\u00e9 Ag\u00fcero \u0e01\u0e32\u0e23\u0e41\u0e2a\u0e14\u0e07\u0e2a\u0e19\u0e38\u0e01 \u0e46 \u0e17\u0e35\u0e48\u0e2b\u0e22\u0e34\u0e1a\u0e08\u0e31\u0e1a\u0e40\u0e2d\u0e32\u0e2a\u0e34\u0e48\u0e07\u0e02\u0e2d\u0e07\u0e23\u0e2d\u0e1a\u0e15\u0e31\u0e27\u0e21\u0e32\u0e43\u0e0a\u0e49\u0e43\u0e19\u0e04\u0e25\u0e34\u0e1b\u0e01\u0e32\u0e23\u0e41\u0e2a\u0e14\u0e07\u0e02\u0e19\u0e32\u0e14\u0e2a\u0e31\u0e49\u0e19\u0e08\u0e33\u0e19\u0e27\u0e19 6 \u0e04\u0e25\u0e34\u0e1b\u0e17\u0e35\u0e48\u0e43\u0e2b\u0e49\u0e04\u0e38\u0e13\u0e04\u0e48\u0e32\u0e01\u0e31\u0e1a\u0e27\u0e31\u0e12\u0e19\u0e18\u0e23\u0e23\u0e21\u0e02\u0e2d\u0e07\u0e40\u0e14\u0e47\u0e01\u0e0b\u0e36\u0e48\u0e07\u0e41\u0e2a\u0e14\u0e07\u0e2d\u0e2d\u0e01\u0e21\u0e32\u0e43\u0e19\u0e01\u0e32\u0e23\u0e43\u0e0a\u0e49\u0e1e\u0e37\u0e49\u0e19\u0e17\u0e35\u0e48\u0e41\u0e25\u0e30\u0e40\u0e27\u0e25\u0e32\u0e43\u0e19\u0e02\u0e13\u0e30\u0e17\u0e35\u0e48\u0e40\u0e25\u0e48\u0e19 \u0e08\u0e34\u0e19\u0e15\u0e19\u0e32\u0e01\u0e32\u0e23 \u0e41\u0e25\u0e30\u0e41\u0e2a\u0e14\u0e07\u0e04\u0e27\u0e32\u0e21\u0e04\u0e34\u0e14\u0e2a\u0e23\u0e49\u0e32\u0e07\u0e2a\u0e23\u0e23\u0e04\u0e4c \u0e2a\u0e48\u0e27\u0e19\u0e01\u0e32\u0e23\u0e41\u0e2a\u0e14\u0e07\u0e02\u0e2d\u0e07\u0e1e\u0e27\u0e01\u0e40\u0e02\u0e32\u0e08\u0e30\u0e2d\u0e22\u0e39\u0e48\u0e17\u0e35\u0e48\u0e44\u0e2b\u0e19\u0e19\u0e31\u0e49\u0e19 \u0e40\u0e23\u0e32\u0e02\u0e2d\u0e2d\u0e38\u0e1b\u0e44\u0e27\u0e49\u0e40\u0e1b\u0e47\u0e19\u0e40\u0e0b\u0e2d\u0e23\u0e4c\u0e44\u0e1e\u0e23\u0e2a\u0e4c \u0e44\u0e1b\u0e15\u0e32\u0e21\u0e2b\u0e32\u0e01\u0e31\u0e19\u0e43\u0e19\u0e41\u0e1c\u0e19\u0e17\u0e35\u0e48\u0e44\u0e14\u0e49\u0e40\u0e25\u0e22[\/vc_column_text][vc_column_text] \u0e41\u0e1c\u0e19\u0e17\u0e35\u0e48\/ BICT MAP [\/vc_column_text][vc_column_text]Wandering Actions is a series of videos made by the 2 artists, Adri\u00e1n Hern\u00e1ndez and Jos\u00e9 Ag\u00fcero from Argentina and Mexico during the first lockdown due to the pandemic. The videos [&hellip;]\" \/>\n<meta property=\"og:url\" content=\"http:\/\/bictfest.com\/festival\/wandering-actions\/\" \/>\n<meta property=\"og:site_name\" content=\"BICTFEST 2021\" \/>\n<meta property=\"article:modified_time\" content=\"2021-11-05T05:58:43+00:00\" \/>\n<meta name=\"twitter:card\" content=\"summary_large_image\" \/>\n<meta name=\"twitter:label1\" content=\"Est. reading time\" \/>\n\t<meta name=\"twitter:data1\" content=\"1 minute\" \/>\n<script type=\"application\/ld+json\" class=\"yoast-schema-graph\">{\"@context\":\"https:\/\/schema.org\",\"@graph\":[{\"@type\":\"WebSite\",\"@id\":\"http:\/\/bictfest.com\/festival\/#website\",\"url\":\"http:\/\/bictfest.com\/festival\/\",\"name\":\"BICTFEST 2021\",\"description\":\"BICTFEST 2021\",\"potentialAction\":[{\"@type\":\"SearchAction\",\"target\":{\"@type\":\"EntryPoint\",\"urlTemplate\":\"http:\/\/bictfest.com\/festival\/?s={search_term_string}\"},\"query-input\":\"required name=search_term_string\"}],\"inLanguage\":\"en\"},{\"@type\":\"WebPage\",\"@id\":\"http:\/\/bictfest.com\/festival\/wandering-actions\/#webpage\",\"url\":\"http:\/\/bictfest.com\/festival\/wandering-actions\/\",\"name\":\"Wandering Actions - BICTFEST 2021\",\"isPartOf\":{\"@id\":\"http:\/\/bictfest.com\/festival\/#website\"},\"datePublished\":\"2021-11-01T12:05:53+00:00\",\"dateModified\":\"2021-11-05T05:58:43+00:00\",\"breadcrumb\":{\"@id\":\"http:\/\/bictfest.com\/festival\/wandering-actions\/#breadcrumb\"},\"inLanguage\":\"en\",\"potentialAction\":[{\"@type\":\"ReadAction\",\"target\":[\"http:\/\/bictfest.com\/festival\/wandering-actions\/\"]}]},{\"@type\":\"BreadcrumbList\",\"@id\":\"http:\/\/bictfest.com\/festival\/wandering-actions\/#breadcrumb\",\"itemListElement\":[{\"@type\":\"ListItem\",\"position\":1,\"name\":\"Home\",\"item\":\"http:\/\/bictfest.com\/festival\/\"},{\"@type\":\"ListItem\",\"position\":2,\"name\":\"Wandering Actions\"}]}]}<\/script>\n<!-- \/ Yoast SEO plugin. -->","yoast_head_json":{"title":"Wandering Actions - BICTFEST 2021","robots":{"index":"index","follow":"follow","max-snippet":"max-snippet:-1","max-image-preview":"max-image-preview:large","max-video-preview":"max-video-preview:-1"},"canonical":"http:\/\/bictfest.com\/festival\/wandering-actions\/","og_locale":"en_US","og_type":"article","og_title":"Wandering Actions - BICTFEST 2021","og_description":"[vc_row][vc_column][vc_column_text] Wandering Actions [\/vc_column_text][vc_column_text]Wandering Actions \u0e40\u0e1b\u0e47\u0e19\u0e0b\u0e35\u0e23\u0e35\u0e48\u0e2a\u0e4c\u0e04\u0e25\u0e34\u0e1b\u0e01\u0e32\u0e23\u0e41\u0e2a\u0e14\u0e07\u0e2a\u0e23\u0e49\u0e32\u0e07\u0e2a\u0e23\u0e23\u0e04\u0e4c\u0e17\u0e35\u0e48\u0e16\u0e39\u0e01\u0e17\u0e33\u0e02\u0e36\u0e49\u0e19\u0e43\u0e19\u0e0a\u0e48\u0e27\u0e07\u0e15\u0e49\u0e19\u0e02\u0e2d\u0e07\u0e01\u0e32\u0e23\u0e25\u0e47\u0e2d\u0e04\u0e14\u0e32\u0e27\u0e19\u0e4c\u0e42\u0e14\u0e22\u0e2a\u0e2d\u0e07\u0e28\u0e34\u0e25\u0e1b\u0e34\u0e19 Adri\u00e1n Hern\u00e1ndez \u0e41\u0e25\u0e30 Jos\u00e9 Ag\u00fcero \u0e01\u0e32\u0e23\u0e41\u0e2a\u0e14\u0e07\u0e2a\u0e19\u0e38\u0e01 \u0e46 \u0e17\u0e35\u0e48\u0e2b\u0e22\u0e34\u0e1a\u0e08\u0e31\u0e1a\u0e40\u0e2d\u0e32\u0e2a\u0e34\u0e48\u0e07\u0e02\u0e2d\u0e07\u0e23\u0e2d\u0e1a\u0e15\u0e31\u0e27\u0e21\u0e32\u0e43\u0e0a\u0e49\u0e43\u0e19\u0e04\u0e25\u0e34\u0e1b\u0e01\u0e32\u0e23\u0e41\u0e2a\u0e14\u0e07\u0e02\u0e19\u0e32\u0e14\u0e2a\u0e31\u0e49\u0e19\u0e08\u0e33\u0e19\u0e27\u0e19 6 \u0e04\u0e25\u0e34\u0e1b\u0e17\u0e35\u0e48\u0e43\u0e2b\u0e49\u0e04\u0e38\u0e13\u0e04\u0e48\u0e32\u0e01\u0e31\u0e1a\u0e27\u0e31\u0e12\u0e19\u0e18\u0e23\u0e23\u0e21\u0e02\u0e2d\u0e07\u0e40\u0e14\u0e47\u0e01\u0e0b\u0e36\u0e48\u0e07\u0e41\u0e2a\u0e14\u0e07\u0e2d\u0e2d\u0e01\u0e21\u0e32\u0e43\u0e19\u0e01\u0e32\u0e23\u0e43\u0e0a\u0e49\u0e1e\u0e37\u0e49\u0e19\u0e17\u0e35\u0e48\u0e41\u0e25\u0e30\u0e40\u0e27\u0e25\u0e32\u0e43\u0e19\u0e02\u0e13\u0e30\u0e17\u0e35\u0e48\u0e40\u0e25\u0e48\u0e19 \u0e08\u0e34\u0e19\u0e15\u0e19\u0e32\u0e01\u0e32\u0e23 \u0e41\u0e25\u0e30\u0e41\u0e2a\u0e14\u0e07\u0e04\u0e27\u0e32\u0e21\u0e04\u0e34\u0e14\u0e2a\u0e23\u0e49\u0e32\u0e07\u0e2a\u0e23\u0e23\u0e04\u0e4c \u0e2a\u0e48\u0e27\u0e19\u0e01\u0e32\u0e23\u0e41\u0e2a\u0e14\u0e07\u0e02\u0e2d\u0e07\u0e1e\u0e27\u0e01\u0e40\u0e02\u0e32\u0e08\u0e30\u0e2d\u0e22\u0e39\u0e48\u0e17\u0e35\u0e48\u0e44\u0e2b\u0e19\u0e19\u0e31\u0e49\u0e19 \u0e40\u0e23\u0e32\u0e02\u0e2d\u0e2d\u0e38\u0e1b\u0e44\u0e27\u0e49\u0e40\u0e1b\u0e47\u0e19\u0e40\u0e0b\u0e2d\u0e23\u0e4c\u0e44\u0e1e\u0e23\u0e2a\u0e4c \u0e44\u0e1b\u0e15\u0e32\u0e21\u0e2b\u0e32\u0e01\u0e31\u0e19\u0e43\u0e19\u0e41\u0e1c\u0e19\u0e17\u0e35\u0e48\u0e44\u0e14\u0e49\u0e40\u0e25\u0e22[\/vc_column_text][vc_column_text] \u0e41\u0e1c\u0e19\u0e17\u0e35\u0e48\/ BICT MAP [\/vc_column_text][vc_column_text]Wandering Actions is a series of videos made by the 2 artists, Adri\u00e1n Hern\u00e1ndez and Jos\u00e9 Ag\u00fcero from Argentina and Mexico during the first lockdown due to the pandemic. The videos [&hellip;]","og_url":"http:\/\/bictfest.com\/festival\/wandering-actions\/","og_site_name":"BICTFEST 2021","article_modified_time":"2021-11-05T05:58:43+00:00","twitter_card":"summary_large_image","twitter_misc":{"Est. reading time":"1 minute"},"schema":{"@context":"https:\/\/schema.org","@graph":[{"@type":"WebSite","@id":"http:\/\/bictfest.com\/festival\/#website","url":"http:\/\/bictfest.com\/festival\/","name":"BICTFEST 2021","description":"BICTFEST 2021","potentialAction":[{"@type":"SearchAction","target":{"@type":"EntryPoint","urlTemplate":"http:\/\/bictfest.com\/festival\/?s={search_term_string}"},"query-input":"required name=search_term_string"}],"inLanguage":"en"},{"@type":"WebPage","@id":"http:\/\/bictfest.com\/festival\/wandering-actions\/#webpage","url":"http:\/\/bictfest.com\/festival\/wandering-actions\/","name":"Wandering Actions - BICTFEST 2021","isPartOf":{"@id":"http:\/\/bictfest.com\/festival\/#website"},"datePublished":"2021-11-01T12:05:53+00:00","dateModified":"2021-11-05T05:58:43+00:00","breadcrumb":{"@id":"http:\/\/bictfest.com\/festival\/wandering-actions\/#breadcrumb"},"inLanguage":"en","potentialAction":[{"@type":"ReadAction","target":["http:\/\/bictfest.com\/festival\/wandering-actions\/"]}]},{"@type":"BreadcrumbList","@id":"http:\/\/bictfest.com\/festival\/wandering-actions\/#breadcrumb","itemListElement":[{"@type":"ListItem","position":1,"name":"Home","item":"http:\/\/bictfest.com\/festival\/"},{"@type":"ListItem","position":2,"name":"Wandering Actions"}]}]}},"_links":{"self":[{"href":"http:\/\/bictfest.com\/festival\/wp-json\/wp\/v2\/pages\/3657"}],"collection":[{"href":"http:\/\/bictfest.com\/festival\/wp-json\/wp\/v2\/pages"}],"about":[{"href":"http:\/\/bictfest.com\/festival\/wp-json\/wp\/v2\/types\/page"}],"author":[{"embeddable":true,"href":"http:\/\/bictfest.com\/festival\/wp-json\/wp\/v2\/users\/1"}],"replies":[{"embeddable":true,"href":"http:\/\/bictfest.com\/festival\/wp-json\/wp\/v2\/comments?post=3657"}],"version-history":[{"count":15,"href":"http:\/\/bictfest.com\/festival\/wp-json\/wp\/v2\/pages\/3657\/revisions"}],"predecessor-version":[{"id":6043,"href":"http:\/\/bictfest.com\/festival\/wp-json\/wp\/v2\/pages\/3657\/revisions\/6043"}],"wp:attachment":[{"href":"http:\/\/bictfest.com\/festival\/wp-json\/wp\/v2\/media?parent=3657"}],"curies":[{"name":"wp","href":"https:\/\/api.w.org\/{rel}","templated":true}]}}